{"id":23,"date":"2019-05-20T14:18:28","date_gmt":"2019-05-20T12:18:28","guid":{"rendered":"https:\/\/www.researchclinicalsexology.com\/?page_id=23"},"modified":"2023-08-03T18:37:09","modified_gmt":"2023-08-03T16:37:09","slug":"scientific-publications","status":"publish","type":"page","link":"https:\/\/www.elexialresearch.com\/en\/scientific-publications\/","title":{"rendered":"Scientific Publications"},"content":{"rendered":"<p>[et_pb_section fb_built=\u00bb1&#8243; fullwidth=\u00bbon\u00bb next_background_color=\u00bb#ffffff\u00bb admin_label=\u00bbPage Header\u00bb _builder_version=\u00bb3.22&#8243; background_image=\u00bbhttps:\/\/www.elexialresearch.com\/wp-content\/uploads\/2020\/07\/glenn-carstens-peters-npxXWgQ33ZQ-unsplash2.jpg\u00bb parallax=\u00bbon\u00bb bottom_divider_style=\u00bbtriangle\u00bb bottom_divider_height=\u00bb25px\u00bb bottom_divider_flip=\u00bbvertical\u00bb animation_direction=\u00bbtop\u00bb][et_pb_fullwidth_header title=\u00bbPublicaciones cient\u00edficas\u00bb text_orientation=\u00bbcenter\u00bb admin_label=\u00bbHero Section\u00bb _builder_version=\u00bb3.19.9&#8243; title_font=\u00bbEncode Sans|600|||||||\u00bb title_font_size=\u00bb60px\u00bb title_line_height=\u00bb1.4em\u00bb content_font_size=\u00bb22px\u00bb content_line_height=\u00bb1.8em\u00bb subhead_font=\u00bb||||\u00bb background_color=\u00bbrgba(255,255,255,0)\u00bb use_background_color_gradient=\u00bbon\u00bb background_color_gradient_start=\u00bb#00365f\u00bb background_color_gradient_end=\u00bbrgba(0,54,95,0.2)\u00bb custom_button_one=\u00bbon\u00bb button_one_text_size=\u00bb16px\u00bb button_one_bg_color=\u00bb#6eba01&#8243; button_one_border_width=\u00bb2px\u00bb button_one_border_color=\u00bb#6eba01&#8243; button_one_border_radius=\u00bb0&#8243; button_one_letter_spacing=\u00bb2&#8243; button_one_font=\u00bbMontserrat|||on|\u00bb button_one_use_icon=\u00bboff\u00bb custom_button_two=\u00bbon\u00bb button_two_text_size=\u00bb16px\u00bb button_two_border_width=\u00bb2px\u00bb button_two_border_color=\u00bb#ffffff\u00bb button_two_border_radius=\u00bb0&#8243; button_two_letter_spacing=\u00bb2&#8243; button_two_font=\u00bbMontserrat|||on|\u00bb button_two_use_icon=\u00bboff\u00bb module_alignment=\u00bbleft\u00bb animation_style=\u00bbfade\u00bb title_font_size_tablet=\u00bb\u00bb title_font_size_phone=\u00bb35px\u00bb title_font_size_last_edited=\u00bbon|phone\u00bb button_one_text_color_hover=\u00bb#6eba01&#8243; button_two_text_color_hover=\u00bb#6eba01&#8243; button_one_border_color_hover=\u00bb#ffffff\u00bb button_two_border_color_hover=\u00bb#ffffff\u00bb button_one_border_radius_hover=\u00bb0&#8243; button_two_border_radius_hover=\u00bb0&#8243; button_one_letter_spacing_hover=\u00bb2&#8243; button_two_letter_spacing_hover=\u00bb2&#8243; button_one_bg_color_hover=\u00bb#ffffff\u00bb button_two_bg_color_hover=\u00bb#ffffff\u00bb button_one_text_size__hover_enabled=\u00bboff\u00bb button_two_text_size__hover_enabled=\u00bboff\u00bb button_one_text_color__hover_enabled=\u00bbon\u00bb button_one_text_color__hover=\u00bb#6eba01&#8243; button_two_text_color__hover_enabled=\u00bbon\u00bb button_two_text_color__hover=\u00bb#6eba01&#8243; button_one_border_width__hover_enabled=\u00bboff\u00bb button_two_border_width__hover_enabled=\u00bboff\u00bb button_one_border_color__hover_enabled=\u00bbon\u00bb button_one_border_color__hover=\u00bb#ffffff\u00bb button_two_border_color__hover_enabled=\u00bbon\u00bb button_two_border_color__hover=\u00bb#ffffff\u00bb button_one_border_radius__hover_enabled=\u00bbon\u00bb button_one_border_radius__hover=\u00bb0&#8243; button_two_border_radius__hover_enabled=\u00bbon\u00bb button_two_border_radius__hover=\u00bb0&#8243; button_one_letter_spacing__hover_enabled=\u00bbon\u00bb button_one_letter_spacing__hover=\u00bb2&#8243; button_two_letter_spacing__hover_enabled=\u00bbon\u00bb button_two_letter_spacing__hover=\u00bb2&#8243; button_one_bg_color__hover_enabled=\u00bbon\u00bb button_one_bg_color__hover=\u00bb#ffffff\u00bb button_two_bg_color__hover_enabled=\u00bbon\u00bb button_two_bg_color__hover=\u00bb#ffffff\u00bb][\/et_pb_fullwidth_header][\/et_pb_section][et_pb_section fb_built=\u00bb1&#8243; _builder_version=\u00bb3.22&#8243; custom_padding=\u00bb1px|0px|0px|0px|false|false\u00bb][et_pb_row _builder_version=\u00bb4.5.3&#8243; _module_preset=\u00bbdefault\u00bb custom_margin=\u00bb50px|auto||auto||\u00bb][et_pb_column type=\u00bb4_4&#8243; _builder_version=\u00bb4.5.3&#8243; _module_preset=\u00bbdefault\u00bb][et_pb_toggle title=\u00bb2022&#8243; open_toggle_text_color=\u00bb#00365f\u00bb open_toggle_background_color=\u00bb#ffffff\u00bb closed_toggle_background_color=\u00bb#ffffff\u00bb _builder_version=\u00bb4.5.3&#8243; _module_preset=\u00bbdefault\u00bb title_text_color=\u00bb#00365f\u00bb title_font=\u00bb|600|||||||\u00bb border_color_all=\u00bb#ffffff\u00bb box_shadow_style=\u00bbpreset1&#8243; box_shadow_spread=\u00bb-7px\u00bb]<\/p>\n<table width=\"314\" height=\"83\">\n<tbody>\n<tr>\n<td style=\"width: 98.4px; text-align: center;\"><span style=\"color: #00365f;\"><strong>Investigaci\u00f3n<\/strong><\/span><\/td>\n<td style=\"width: 98.4px; text-align: center;\"><span style=\"color: #00365f;\"><strong>Revista de Publicaci\u00f3n<\/strong><\/span><\/td>\n<td style=\"width: 98.4px; text-align: center;\"><span style=\"color: #00365f;\"><strong>Pa\u00eds de realizaci\u00f3n<\/strong><\/span><\/td>\n<\/tr>\n<tr>\n<td style=\"width: 98.4px; text-align: center;\"><a href=\"https:\/\/doi.org\/10.47363\/JSMR\/2022(1)104\"><b>Erectile Dysfunction and Premature Ejaculation in a Cohort of Homosexual and Bisexual Men from Five Ibero-American Countries<\/b><\/a><\/td>\n<td style=\"width: 98.4px; text-align: center;\"><span style=\"font-weight: 400;\">Journal of Sexual Medicine &amp; Research<\/span><\/td>\n<td style=\"width: 98.4px; text-align: center;\"><span style=\"font-weight: 400;\">Colombia, Per\u00fa, Argentina, M\u00e9xico y Espa\u00f1a<\/span><\/td>\n<\/tr>\n<tr>\n<td style=\"width: 98.4px; text-align: center;\"><a href=\"https:\/\/www.jsm.jsexmed.org\/article\/S1743-6095(22)00586-0\/fulltext\"><b>Are Radial Pressure Waves Effective for the Treatment of Moderate or Mild to Moderate Erectile Dysfunction? A Randomized Sham Therapy Controlled Clinical Trial<\/b><\/a><\/td>\n<td style=\"width: 98.4px; text-align: center;\"><span style=\"font-weight: 400;\">The Journal of Sexual Medicine<\/span><\/td>\n<td style=\"width: 98.4px; text-align: center;\">Colombia<\/td>\n<\/tr>\n<\/tbody>\n<\/table>\n<p>[\/et_pb_toggle][\/et_pb_column][\/et_pb_row][et_pb_row _builder_version=\u00bb4.5.3&#8243; _module_preset=\u00bbdefault\u00bb][et_pb_column type=\u00bb4_4&#8243; _builder_version=\u00bb4.5.3&#8243; _module_preset=\u00bbdefault\u00bb][et_pb_toggle title=\u00bb2021&#8243; open_toggle_text_color=\u00bb#00365f\u00bb open_toggle_background_color=\u00bb#ffffff\u00bb closed_toggle_background_color=\u00bb#ffffff\u00bb _builder_version=\u00bb4.5.3&#8243; _module_preset=\u00bbdefault\u00bb title_text_color=\u00bb#00365f\u00bb title_font=\u00bb|600|||||||\u00bb border_color_all=\u00bb#ffffff\u00bb box_shadow_style=\u00bbpreset1&#8243; box_shadow_spread=\u00bb-7px\u00bb]<\/p>\n<table width=\"314\" height=\"83\">\n<tbody>\n<tr>\n<td style=\"width: 98.4px; text-align: center;\"><span style=\"color: #00365f;\"><strong>Investigaci\u00f3n<\/strong><\/span><\/td>\n<td style=\"width: 98.4px; text-align: center;\"><span style=\"color: #00365f;\"><strong>Revista de Publicaci\u00f3n<\/strong><\/span><\/td>\n<td style=\"width: 98.4px; text-align: center;\"><span style=\"color: #00365f;\"><strong>Pa\u00eds de realizaci\u00f3n<\/strong><\/span><\/td>\n<\/tr>\n<tr>\n<td style=\"width: 98.4px; text-align: center;\"><a href=\"https:\/\/www.ncbi.nlm.nih.gov\/pmc\/articles\/PMC8360928\/\"><b>Are Radial Pressure Waves Effective in Treating Erectile Dysfunction? A Systematic Review of Preclinical and Clinical Studies<\/b><\/a><\/td>\n<td style=\"width: 98.4px; text-align: center;\"><span style=\"font-weight: 400;\">Sexual medicine<\/span><\/td>\n<td style=\"width: 98.4px; text-align: center;\"><span style=\"font-weight: 400;\">Colombia, M\u00e9xico<\/span><\/td>\n<\/tr>\n<\/tbody>\n<\/table>\n<p>[\/et_pb_toggle][\/et_pb_column][\/et_pb_row][et_pb_row _builder_version=\u00bb4.5.3&#8243; _module_preset=\u00bbdefault\u00bb][et_pb_column type=\u00bb4_4&#8243; _builder_version=\u00bb4.5.3&#8243; _module_preset=\u00bbdefault\u00bb][et_pb_toggle title=\u00bb2020&#8243; open_toggle_text_color=\u00bb#00365f\u00bb open_toggle_background_color=\u00bb#ffffff\u00bb closed_toggle_background_color=\u00bb#ffffff\u00bb _builder_version=\u00bb4.5.3&#8243; _module_preset=\u00bbdefault\u00bb title_text_color=\u00bb#00365f\u00bb title_font=\u00bb|600|||||||\u00bb border_color_all=\u00bb#ffffff\u00bb box_shadow_style=\u00bbpreset1&#8243; box_shadow_spread=\u00bb-7px\u00bb]<\/p>\n<table width=\"314\" height=\"83\">\n<tbody>\n<tr>\n<td style=\"width: 98.4px; text-align: center;\"><span style=\"color: #00365f;\"><strong>Investigaci\u00f3n<\/strong><\/span><\/td>\n<td style=\"width: 98.4px; text-align: center;\"><span style=\"color: #00365f;\"><strong>Revista de Publicaci\u00f3n<\/strong><\/span><\/td>\n<td style=\"width: 98.4px; text-align: center;\"><span style=\"color: #00365f;\"><strong>Pa\u00eds de realizaci\u00f3n<\/strong><\/span><\/td>\n<\/tr>\n<tr>\n<td style=\"width: 98.4px; text-align: center;\"><a href=\"https:\/\/www.jsm.jsexmed.org\/article\/S1743-6095(19)31885-5\/fulltext\"><b>Quality of clinical practice guidelines for the diagnosis and treatment of erectile dysfunction: A systematic review<\/b><\/a><\/td>\n<td style=\"width: 98.4px; text-align: center;\"><span style=\"font-weight: 400;\">The Journal of Sexual Medicine<\/span><\/td>\n<td style=\"width: 98.4px; text-align: center;\"><span style=\"font-weight: 400;\">Colombia<\/span><\/td>\n<\/tr>\n<tr>\n<td style=\"width: 98.4px; text-align: center;\"><a href=\"https:\/\/www.rccardiologia.com\/previos\/RCC%202020%20Vol.%2027\/RCC_2020_27_6_NOV-DIC\/RCC_2020_27_6_526-531.pdf\"><b>Prevalencia y asociaci\u00f3n de factores de riesgo cardiovascular en hombres con disfunci\u00f3n er\u00e9ctil en Colombia<\/b><\/a><\/td>\n<td style=\"width: 98.4px; text-align: center;\"><span style=\"font-weight: 400;\">Revista colombiana de cardiolog\u00eda<\/span><\/td>\n<td style=\"width: 98.4px; text-align: center;\"><span style=\"font-weight: 400;\"><span>Colombia<\/span><\/span><\/td>\n<\/tr>\n<\/tbody>\n<\/table>\n<p>[\/et_pb_toggle][\/et_pb_column][\/et_pb_row][et_pb_row _builder_version=\u00bb4.5.3&#8243; _module_preset=\u00bbdefault\u00bb][et_pb_column type=\u00bb4_4&#8243; _builder_version=\u00bb4.5.3&#8243; _module_preset=\u00bbdefault\u00bb][et_pb_toggle title=\u00bb2019&#8243; open_toggle_text_color=\u00bb#00365f\u00bb open_toggle_background_color=\u00bb#ffffff\u00bb closed_toggle_background_color=\u00bb#ffffff\u00bb _builder_version=\u00bb4.5.3&#8243; _module_preset=\u00bbdefault\u00bb title_text_color=\u00bb#00365f\u00bb title_font=\u00bb|600|||||||\u00bb border_color_all=\u00bb#ffffff\u00bb box_shadow_style=\u00bbpreset1&#8243; box_shadow_spread=\u00bb-7px\u00bb]<\/p>\n<table width=\"314\" height=\"83\">\n<tbody>\n<tr>\n<td style=\"width: 98.4px; text-align: center;\"><span style=\"color: #00365f;\"><strong>Investigaci\u00f3n<\/strong><\/span><\/td>\n<td style=\"width: 98.4px; text-align: center;\"><span style=\"color: #00365f;\"><strong>Revista de Publicaci\u00f3n<\/strong><\/span><\/td>\n<td style=\"width: 98.4px; text-align: center;\"><span style=\"color: #00365f;\"><strong>Pa\u00eds de realizaci\u00f3n<\/strong><\/span><\/td>\n<\/tr>\n<tr>\n<td style=\"width: 98.4px; text-align: center;\"><a href=\"https:\/\/www.nature.com\/articles\/s41443-019-0196-x\"><b>Transcutaneous electric nerve stimulation to treat patients with premature ejaculation: phase II clinical trial<\/b><\/a><\/td>\n<td style=\"width: 98.4px; text-align: center;\"><span style=\"font-weight: 400;\">International Journal Impotent Research<\/span><\/td>\n<td style=\"width: 98.4px; text-align: center;\"><span style=\"font-weight: 400;\">Colombia<\/span><\/td>\n<\/tr>\n<tr>\n<td style=\"width: 98.4px; text-align: center;\"><a href=\"https:\/\/www.hindawi.com\/journals\/au\/2019\/6214921\/\"><b>Treatment of Priapism Secondary to Drugs for Erectile Dysfunction<\/b><\/a><\/td>\n<td style=\"width: 98.4px; text-align: center;\"><span style=\"font-weight: 400;\">Advances in Urology<\/span><\/td>\n<td style=\"width: 98.4px; text-align: center;\"><span style=\"font-weight: 400;\"><span>Colombia<\/span><\/span><\/td>\n<\/tr>\n<\/tbody>\n<\/table>\n<p>[\/et_pb_toggle][\/et_pb_column][\/et_pb_row][et_pb_row _builder_version=\u00bb4.5.3&#8243; _module_preset=\u00bbdefault\u00bb][et_pb_column type=\u00bb4_4&#8243; _builder_version=\u00bb4.5.3&#8243; _module_preset=\u00bbdefault\u00bb][et_pb_toggle title=\u00bb2017&#8243; open_toggle_text_color=\u00bb#00365f\u00bb open_toggle_background_color=\u00bb#ffffff\u00bb closed_toggle_background_color=\u00bb#ffffff\u00bb _builder_version=\u00bb4.5.3&#8243; _module_preset=\u00bbdefault\u00bb title_text_color=\u00bb#00365f\u00bb title_font=\u00bb|600|||||||\u00bb border_color_all=\u00bb#ffffff\u00bb box_shadow_style=\u00bbpreset1&#8243; box_shadow_spread=\u00bb-7px\u00bb]<\/p>\n<table width=\"314\" height=\"83\">\n<tbody>\n<tr>\n<td style=\"width: 98.4px; text-align: center;\"><span style=\"color: #00365f;\"><strong>Investigaci\u00f3n<\/strong><\/span><\/td>\n<td style=\"width: 98.4px; text-align: center;\"><span style=\"color: #00365f;\"><strong>Revista de Publicaci\u00f3n<\/strong><\/span><\/td>\n<td style=\"width: 98.4px; text-align: center;\"><span style=\"color: #00365f;\"><strong>Pa\u00eds de realizaci\u00f3n<\/strong><\/span><\/td>\n<\/tr>\n<tr>\n<td style=\"width: 98.4px; text-align: center;\"><a href=\"https:\/\/www.hindawi.com\/journals\/au\/2017\/1843687\/\"><b>Impact on the Quality of Erections after Completing a Low-Intensity Extracorporeal Shock Wave Treatment Cycle on a Group of 710 Patients<\/b><\/a><\/td>\n<td style=\"width: 98.4px; text-align: center;\"><span style=\"font-weight: 400;\">Advances in Urology<\/span><\/td>\n<td style=\"width: 98.4px; text-align: center;\"><span style=\"font-weight: 400;\">M\u00e9xico y Espa\u00f1a<\/span><\/td>\n<\/tr>\n<\/tbody>\n<\/table>\n<p>[\/et_pb_toggle][\/et_pb_column][\/et_pb_row][et_pb_row _builder_version=\u00bb4.5.3&#8243; _module_preset=\u00bbdefault\u00bb][et_pb_column _builder_version=\u00bb4.5.3&#8243; _module_preset=\u00bbdefault\u00bb type=\u00bb4_4&#8243;][et_pb_social_media_follow _builder_version=\u00bb4.5.3&#8243; _module_preset=\u00bbdefault\u00bb text_orientation=\u00bbcenter\u00bb hover_enabled=\u00bb0&#8243; custom_margin=\u00bb||-7px|||\u00bb][et_pb_social_media_follow_network social_network=\u00bblinkedin\u00bb background_color=\u00bb#007bb6&#8243; _builder_version=\u00bb4.5.3&#8243; _module_preset=\u00bbdefault\u00bb follow_button=\u00bboff\u00bb url_new_window=\u00bbon\u00bb url=\u00bbhttps:\/\/www.linkedin.com\/company\/elexial-research-center\/\u00bb hover_enabled=\u00bb0&#8243;]linkedin[\/et_pb_social_media_follow_network][\/et_pb_social_media_follow][\/et_pb_column][\/et_pb_row][\/et_pb_section]<\/p>\n","protected":false},"excerpt":{"rendered":"<p>Investigaci\u00f3n Revista de Publicaci\u00f3n Pa\u00eds de realizaci\u00f3n Erectile Dysfunction and Premature Ejaculation in a Cohort of Homosexual and Bisexual Men from Five Ibero-American Countries Journal of Sexual Medicine &amp; Research Colombia, Per\u00fa, Argentina, M\u00e9xico y Espa\u00f1a Are Radial Pressure Waves Effective for the Treatment of Moderate or Mild to Moderate Erectile Dysfunction? A Randomized Sham [&hellip;]<\/p>\n","protected":false},"author":1,"featured_media":0,"parent":0,"menu_order":0,"comment_status":"closed","ping_status":"closed","template":"","meta":{"_et_pb_use_builder":"on","_et_pb_old_content":"<!-- wp:image {\"id\":455,\"align\":\"center\",\"width\":611,\"height\":560} -->\n<div class=\"wp-block-image\"><figure class=\"aligncenter is-resized\"><img src=\"https:\/\/www.elexialresearch.com\/wp-content\/uploads\/2019\/06\/Fotolia_178277987_S.jpg\" alt=\"\" class=\"wp-image-455\" width=\"611\" height=\"560\"\/><\/figure><\/div>\n<!-- \/wp:image -->\n\n<!-- wp:separator {\"className\":\"is-style-dots\"} -->\n<hr class=\"wp-block-separator is-style-dots\"\/>\n<!-- \/wp:separator -->\n\n<!-- wp:spacer {\"height\":25} -->\n<div style=\"height:25px\" aria-hidden=\"true\" class=\"wp-block-spacer\"><\/div>\n<!-- \/wp:spacer -->\n\n<!-- wp:paragraph {\"fontSize\":\"medium\"} -->\n<p class=\"has-medium-font-size\">H\u00e9ctor A. Corredor Ayala, Jos\u00e9 Pablo Saffon Cuartas, and Diana Cerquera Cleves. Impact on the Quality of Erections after Completing a Low-Intensity Extracorporeal Shock Wave Treatment Cycle on a Group of 710 Patients. Advances in Urology, vol. 2017, Article ID 1843687, 5 pages, 2017. doi:10.1155\/2017\/1843687.<\/p>\n<!-- \/wp:paragraph -->\n\n<!-- wp:spacer {\"height\":25} -->\n<div style=\"height:25px\" aria-hidden=\"true\" class=\"wp-block-spacer\"><\/div>\n<!-- \/wp:spacer -->\n\n<!-- wp:button {\"align\":\"center\",\"className\":\"is-style-outline\"} -->\n<div class=\"wp-block-button aligncenter is-style-outline\"><a class=\"wp-block-button__link\" href=\"https:\/\/www.hindawi.com\/journals\/au\/2017\/1843687\/\">Ver estudio cl\u00ednico Hindawi ><\/a><\/div>\n<!-- \/wp:button -->\n\n<!-- wp:paragraph -->\n<p><\/p>\n<!-- \/wp:paragraph -->","_et_gb_content_width":"","footnotes":""},"class_list":["post-23","page","type-page","status-publish","hentry"],"yoast_head":"<!-- This site is optimized with the Yoast SEO plugin v27.4 - https:\/\/yoast.com\/product\/yoast-seo-wordpress\/ -->\n<title>Publicaciones Cient\u00edficas - Centro de Investigaciones<\/title>\n<meta name=\"robots\" content=\"index, follow, max-snippet:-1, max-image-preview:large, max-video-preview:-1\" \/>\n<link rel=\"canonical\" href=\"https:\/\/www.elexialresearch.com\/en\/scientific-publications\/\" \/>\n<meta property=\"og:locale\" content=\"en_GB\" \/>\n<meta property=\"og:type\" content=\"article\" \/>\n<meta property=\"og:title\" content=\"Publicaciones Cient\u00edficas - Centro de Investigaciones\" \/>\n<meta property=\"og:description\" content=\"Investigaci\u00f3n Revista de Publicaci\u00f3n Pa\u00eds de realizaci\u00f3n Erectile Dysfunction and Premature Ejaculation in a Cohort of Homosexual and Bisexual Men from Five Ibero-American Countries Journal of Sexual Medicine &amp; Research Colombia, Per\u00fa, Argentina, M\u00e9xico y Espa\u00f1a Are Radial Pressure Waves Effective for the Treatment of Moderate or Mild to Moderate Erectile Dysfunction? A Randomized Sham [&hellip;]\" \/>\n<meta property=\"og:url\" content=\"https:\/\/www.elexialresearch.com\/en\/scientific-publications\/\" \/>\n<meta property=\"og:site_name\" content=\"Centro de Investigaciones\" \/>\n<meta property=\"article:modified_time\" content=\"2023-08-03T16:37:09+00:00\" \/>\n<meta name=\"twitter:card\" content=\"summary_large_image\" \/>\n<meta name=\"twitter:label1\" content=\"Estimated reading time\" \/>\n\t<meta name=\"twitter:data1\" content=\"6 minutes\" \/>\n<script type=\"application\/ld+json\" class=\"yoast-schema-graph\">{\"@context\":\"https:\\\/\\\/schema.org\",\"@graph\":[{\"@type\":\"WebPage\",\"@id\":\"https:\\\/\\\/www.elexialresearch.com\\\/scientific-publications\\\/\",\"url\":\"https:\\\/\\\/www.elexialresearch.com\\\/scientific-publications\\\/\",\"name\":\"Publicaciones Cient\u00edficas - Centro de Investigaciones\",\"isPartOf\":{\"@id\":\"https:\\\/\\\/www.elexialresearch.com\\\/#website\"},\"datePublished\":\"2019-05-20T12:18:28+00:00\",\"dateModified\":\"2023-08-03T16:37:09+00:00\",\"breadcrumb\":{\"@id\":\"https:\\\/\\\/www.elexialresearch.com\\\/scientific-publications\\\/#breadcrumb\"},\"inLanguage\":\"en-GB\",\"potentialAction\":[{\"@type\":\"ReadAction\",\"target\":[\"https:\\\/\\\/www.elexialresearch.com\\\/scientific-publications\\\/\"]}]},{\"@type\":\"BreadcrumbList\",\"@id\":\"https:\\\/\\\/www.elexialresearch.com\\\/scientific-publications\\\/#breadcrumb\",\"itemListElement\":[{\"@type\":\"ListItem\",\"position\":1,\"name\":\"Portada\",\"item\":\"https:\\\/\\\/www.elexialresearch.com\\\/\"},{\"@type\":\"ListItem\",\"position\":2,\"name\":\"Publicaciones Cient\u00edficas\"}]},{\"@type\":\"WebSite\",\"@id\":\"https:\\\/\\\/www.elexialresearch.com\\\/#website\",\"url\":\"https:\\\/\\\/www.elexialresearch.com\\\/\",\"name\":\"Centro de Investigaciones\",\"description\":\"\",\"potentialAction\":[{\"@type\":\"SearchAction\",\"target\":{\"@type\":\"EntryPoint\",\"urlTemplate\":\"https:\\\/\\\/www.elexialresearch.com\\\/?s={search_term_string}\"},\"query-input\":{\"@type\":\"PropertyValueSpecification\",\"valueRequired\":true,\"valueName\":\"search_term_string\"}}],\"inLanguage\":\"en-GB\"}]}<\/script>\n<!-- \/ Yoast SEO plugin. -->","yoast_head_json":{"title":"Publicaciones Cient\u00edficas - Centro de Investigaciones","robots":{"index":"index","follow":"follow","max-snippet":"max-snippet:-1","max-image-preview":"max-image-preview:large","max-video-preview":"max-video-preview:-1"},"canonical":"https:\/\/www.elexialresearch.com\/en\/scientific-publications\/","og_locale":"en_GB","og_type":"article","og_title":"Publicaciones Cient\u00edficas - Centro de Investigaciones","og_description":"Investigaci\u00f3n Revista de Publicaci\u00f3n Pa\u00eds de realizaci\u00f3n Erectile Dysfunction and Premature Ejaculation in a Cohort of Homosexual and Bisexual Men from Five Ibero-American Countries Journal of Sexual Medicine &amp; Research Colombia, Per\u00fa, Argentina, M\u00e9xico y Espa\u00f1a Are Radial Pressure Waves Effective for the Treatment of Moderate or Mild to Moderate Erectile Dysfunction? A Randomized Sham [&hellip;]","og_url":"https:\/\/www.elexialresearch.com\/en\/scientific-publications\/","og_site_name":"Centro de Investigaciones","article_modified_time":"2023-08-03T16:37:09+00:00","twitter_card":"summary_large_image","twitter_misc":{"Estimated reading time":"6 minutes"},"schema":{"@context":"https:\/\/schema.org","@graph":[{"@type":"WebPage","@id":"https:\/\/www.elexialresearch.com\/scientific-publications\/","url":"https:\/\/www.elexialresearch.com\/scientific-publications\/","name":"Publicaciones Cient\u00edficas - Centro de Investigaciones","isPartOf":{"@id":"https:\/\/www.elexialresearch.com\/#website"},"datePublished":"2019-05-20T12:18:28+00:00","dateModified":"2023-08-03T16:37:09+00:00","breadcrumb":{"@id":"https:\/\/www.elexialresearch.com\/scientific-publications\/#breadcrumb"},"inLanguage":"en-GB","potentialAction":[{"@type":"ReadAction","target":["https:\/\/www.elexialresearch.com\/scientific-publications\/"]}]},{"@type":"BreadcrumbList","@id":"https:\/\/www.elexialresearch.com\/scientific-publications\/#breadcrumb","itemListElement":[{"@type":"ListItem","position":1,"name":"Portada","item":"https:\/\/www.elexialresearch.com\/"},{"@type":"ListItem","position":2,"name":"Publicaciones Cient\u00edficas"}]},{"@type":"WebSite","@id":"https:\/\/www.elexialresearch.com\/#website","url":"https:\/\/www.elexialresearch.com\/","name":"Centro de Investigaciones","description":"","potentialAction":[{"@type":"SearchAction","target":{"@type":"EntryPoint","urlTemplate":"https:\/\/www.elexialresearch.com\/?s={search_term_string}"},"query-input":{"@type":"PropertyValueSpecification","valueRequired":true,"valueName":"search_term_string"}}],"inLanguage":"en-GB"}]}},"_links":{"self":[{"href":"https:\/\/www.elexialresearch.com\/en\/wp-json\/wp\/v2\/pages\/23","targetHints":{"allow":["GET"]}}],"collection":[{"href":"https:\/\/www.elexialresearch.com\/en\/wp-json\/wp\/v2\/pages"}],"about":[{"href":"https:\/\/www.elexialresearch.com\/en\/wp-json\/wp\/v2\/types\/page"}],"author":[{"embeddable":true,"href":"https:\/\/www.elexialresearch.com\/en\/wp-json\/wp\/v2\/users\/1"}],"replies":[{"embeddable":true,"href":"https:\/\/www.elexialresearch.com\/en\/wp-json\/wp\/v2\/comments?post=23"}],"version-history":[{"count":77,"href":"https:\/\/www.elexialresearch.com\/en\/wp-json\/wp\/v2\/pages\/23\/revisions"}],"predecessor-version":[{"id":22436,"href":"https:\/\/www.elexialresearch.com\/en\/wp-json\/wp\/v2\/pages\/23\/revisions\/22436"}],"wp:attachment":[{"href":"https:\/\/www.elexialresearch.com\/en\/wp-json\/wp\/v2\/media?parent=23"}],"curies":[{"name":"wp","href":"https:\/\/api.w.org\/{rel}","templated":true}]}}